{"id":3383,"date":"2013-08-11T00:00:00","date_gmt":"2013-08-11T00:00:00","guid":{"rendered":"https:\/\/www.danstv.dk\/index.php\/product\/tac-t-22\/"},"modified":"2026-04-16T10:53:24","modified_gmt":"2026-04-16T10:53:24","slug":"tac-t-22","status":"publish","type":"product","link":"https:\/\/www.danstv.dk\/index.php\/product\/tac-t-22\/","title":{"rendered":"TAC T-22"},"content":{"rendered":"<p><strong><span style=\"font-size: 14px;\"><span style=\"font-family: Verdana,Geneva,sans-serif;\">Elegant r\u00f8rfors\u00e6rtker i et moderne design! De to EL34 r\u00f8r per kanal, arbejder i push \/ pull-metoden. Et feedback-stop p\u00e5 output transformeren minimerer forvr\u00e6ngning og giver et ultra-line\u00e6rt kredsl\u00f8b, og dermed en karakteristik lyd. Alle anvendte komponenter m\u00e5les f\u00f8r installation. For at understrege den puristiske karakter er der udeladt tonekontrol.<\/span><\/span><\/strong><\/p>\n","protected":false},"excerpt":{"rendered":"<p><span style=\"font-size: 14px;\"><span style=\"font-family: Verdana,Geneva,sans-serif;\">Tekniske specifikationer:<\/span><\/span><\/p>\n<p><span style=\"font-size: 14px;\"><span style=\"font-family: Verdana,Geneva,sans-serif;\"> TAC T-22 4-8 ohm RMS: 2 x 40 W (0 dB RMS) Frekvensomr\u00e5de: 20 Hz &#8211; 60 kHz + \/ &#8211; 1,5 dB Distortion: &lt;1% (1 kHz, 1 W) Signal St\u00f8j:&gt; 90 dB Input impedans: 100 ohm Impedans: 4 eller 8 ohm Preamp r\u00f8r: 4 x 6N3 Power r\u00f8r: 4 x EL34 M\u00e5l (BxHxD): 330 x 165 x 390 mm V\u00e6gt: 19,6<\/span><\/span><\/p>\n","protected":false},"featured_media":4629,"comment_status":"open","ping_status":"closed","template":"","meta":[],"product_brand":[],"product_cat":[208,209,135],"product_tag":[],"class_list":{"0":"post-3383","1":"product","2":"type-product","3":"status-publish","4":"has-post-thumbnail","6":"product_cat-tac","7":"product_cat-tac-forstaerker","8":"product_cat-vincent","10":"first","11":"instock","12":"taxable","13":"shipping-taxable","14":"purchasable","15":"product-type-simple"},"_links":{"self":[{"href":"https:\/\/www.danstv.dk\/index.php\/wp-json\/wp\/v2\/product\/3383","targetHints":{"allow":["GET"]}}],"collection":[{"href":"https:\/\/www.danstv.dk\/index.php\/wp-json\/wp\/v2\/product"}],"about":[{"href":"https:\/\/www.danstv.dk\/index.php\/wp-json\/wp\/v2\/types\/product"}],"replies":[{"embeddable":true,"href":"https:\/\/www.danstv.dk\/index.php\/wp-json\/wp\/v2\/comments?post=3383"}],"wp:featuredmedia":[{"embeddable":true,"href":"https:\/\/www.danstv.dk\/index.php\/wp-json\/wp\/v2\/media\/4629"}],"wp:attachment":[{"href":"https:\/\/www.danstv.dk\/index.php\/wp-json\/wp\/v2\/media?parent=3383"}],"wp:term":[{"taxonomy":"product_brand","embeddable":true,"href":"https:\/\/www.danstv.dk\/index.php\/wp-json\/wp\/v2\/product_brand?post=3383"},{"taxonomy":"product_cat","embeddable":true,"href":"https:\/\/www.danstv.dk\/index.php\/wp-json\/wp\/v2\/product_cat?post=3383"},{"taxonomy":"product_tag","embeddable":true,"href":"https:\/\/www.danstv.dk\/index.php\/wp-json\/wp\/v2\/product_tag?post=3383"}],"curies":[{"name":"wp","href":"https:\/\/api.w.org\/{rel}","templated":true}]}}