{"id":3487,"date":"2017-06-07T13:23:00","date_gmt":"2017-06-07T13:23:00","guid":{"rendered":"https:\/\/www.danstv.dk\/index.php\/product\/all-iot-soundstream-iast-m20\/"},"modified":"2026-04-16T10:49:51","modified_gmt":"2026-04-16T10:49:51","slug":"all-iot-soundstream-iast-m20","status":"publish","type":"product","link":"https:\/\/www.danstv.dk\/index.php\/product\/all-iot-soundstream-iast-m20\/","title":{"rendered":"ALL IoT    SoundStream Iast  M20"},"content":{"rendered":"<p><span style=\"color: #000000;\"><span style=\"font-size: 14px;\"><span style=\"font-family: Verdana,Geneva,sans-serif;\"><strong style=\"outline: 0px; border: 0px; box-shadow: none; margin: 0px; padding: 0px; position: static; z-index: auto; font-family: -apple-system, BlinkMacSystemFont,;\">iEast<\/strong><strong style=\"outline: 0px; border: 0px; box-shadow: none; margin: 0px; padding: 0px; position: static; z-index: auto; font-family: -apple-system, BlinkMacSystemFont,;\"> SoundStream M20 &#8211; underst\u00f8tter iEast Play App&#8217;en, AirPlay og DLNA<\/strong><\/span><\/span><\/span><\/p>\n<p><strong>Enheden forbindes til din eksisterende HiFi forst\u00e6rker eller aktive h\u00f8jttaler samt dit tr\u00e5dl\u00f8se netv\u00e6rk.<\/strong><\/p>\n<p>Du er nu i stand til at nyde musik, podcast, internet radio og meget mere fra en hvilken som helst app,<\/p>\n<p>eller fra dit musik bibliotek i din smartphone og tablet, i imponerende HD kvalitet.<\/p>\n","protected":false},"excerpt":{"rendered":"<p><span style=\"color: #000000;\"><span style=\"font-size: 14px;\"><span style=\"font-family: Verdana,Geneva,sans-serif;\"><strong style=\"outline: 0px; background-color: transparent; border: 0px; box-shadow: none; float: none; margin: 0px; padding: 0px; position: static; z-index: auto;\">Dr\u00f8mmer du om Spotify tr\u00e5dl\u00f8st i hele huset?<\/strong><\/span><\/span><\/span><\/p>\n<p><span style=\"color: #000000;\"><strong><span style=\"font-size: 14px;\"><span style=\"font-family: Verdana,Geneva,sans-serif;\">Det er blevet popul\u00e6rt som aldrig f\u00f8r at benytte smartphone og tablets som musik afspiller, men den gode lyd kr\u00e6ver eksterne h\u00f8jttalere, som kan modtage musikken fra Spotify, Deezer, YouTube, iTunes, din yndlings radiostation, dit musik kartotek p\u00e5 mobilen eller den helt s\u00e6rlige musik App som du bare ikke kan undv\u00e6re. Alt den musik vil\u00a0<\/span><\/span><\/strong><\/span><strong><span style=\"font-size: 14px;\"><span style=\"font-family: Verdana,Geneva,sans-serif;\"><span style=\"color: #000000;\">du selvf\u00f8lgelig ogs\u00e5 gerne opleve i b\u00e5de stuen, k\u00f8kkenet, badev\u00e6relset og ethvert andet rum i dit hjem. Individuel musik i hvert rum, den samme musik i flere rum eller m\u00e5ske i hele huset p\u00e5 en gang. Det er dig der bestemmer og du tager kontrollen med din smartphone &gt;&gt;\u00a0<\/span><a style=\"outline: 0px; color: #1e7ec8; cursor: pointer; text-decoration-line: none; background-color: transparent; border: 0px; box-shadow: none; float: none; margin: 0px; padding: 0px; position: static; z-index: auto;\" href=\"http:\/\/www.alliot.dk\/#!\/Fuld-kontrol-fra-mobil-og-tablet\/c\/22101994\"><span style=\"color: #000000;\">l\u00e6s mere<\/span><\/a><\/span><\/span><\/strong><\/p>\n<p><span style=\"color: #000000;\"><strong><span style=\"font-size: 14px;\"><span style=\"font-family: Verdana,Geneva,sans-serif;\">Alt dette er muligt med [ All IoT ] produkterne, som kan kombinere alverdens musik kilder og Apps med alverdens h\u00f8jttalere og dit eksisterende HiFi setup, eller du kan v\u00e6lge den helt simple l\u00f8sning med komplette WiFi h\u00f8jttalere hvor hele herligheden er integreret.<\/span><\/span><\/strong><\/span><\/p>\n","protected":false},"featured_media":4701,"comment_status":"open","ping_status":"closed","template":"","meta":[],"product_brand":[],"product_cat":[159,137],"product_tag":[],"class_list":{"0":"post-3487","1":"product","2":"type-product","3":"status-publish","4":"has-post-thumbnail","6":"product_cat-i-east","7":"product_cat-streaming","9":"first","10":"instock","11":"taxable","12":"shipping-taxable","13":"purchasable","14":"product-type-simple"},"_links":{"self":[{"href":"https:\/\/www.danstv.dk\/index.php\/wp-json\/wp\/v2\/product\/3487","targetHints":{"allow":["GET"]}}],"collection":[{"href":"https:\/\/www.danstv.dk\/index.php\/wp-json\/wp\/v2\/product"}],"about":[{"href":"https:\/\/www.danstv.dk\/index.php\/wp-json\/wp\/v2\/types\/product"}],"replies":[{"embeddable":true,"href":"https:\/\/www.danstv.dk\/index.php\/wp-json\/wp\/v2\/comments?post=3487"}],"wp:featuredmedia":[{"embeddable":true,"href":"https:\/\/www.danstv.dk\/index.php\/wp-json\/wp\/v2\/media\/4701"}],"wp:attachment":[{"href":"https:\/\/www.danstv.dk\/index.php\/wp-json\/wp\/v2\/media?parent=3487"}],"wp:term":[{"taxonomy":"product_brand","embeddable":true,"href":"https:\/\/www.danstv.dk\/index.php\/wp-json\/wp\/v2\/product_brand?post=3487"},{"taxonomy":"product_cat","embeddable":true,"href":"https:\/\/www.danstv.dk\/index.php\/wp-json\/wp\/v2\/product_cat?post=3487"},{"taxonomy":"product_tag","embeddable":true,"href":"https:\/\/www.danstv.dk\/index.php\/wp-json\/wp\/v2\/product_tag?post=3487"}],"curies":[{"name":"wp","href":"https:\/\/api.w.org\/{rel}","templated":true}]}}